{"id":4405,"date":"2026-02-21T14:26:06","date_gmt":"2026-02-21T14:26:06","guid":{"rendered":"https:\/\/trombonistas.net\/?page_id=4405"},"modified":"2026-02-27T08:52:03","modified_gmt":"2026-02-27T08:52:03","slug":"asociate","status":"publish","type":"page","link":"https:\/\/trombonistas.net\/?page_id=4405","title":{"rendered":"As\u00f3ciate"},"content":{"rendered":"<h2>Formulario de Inscrici\u00f3n como socio de la Asociaci\u00f3n de Trombonistas de Espa\u00f1a<\/h2>\n<p>&nbsp;<\/p>\n<p>Pronto disponible<\/p>\n<p>&nbsp;<\/p>\n<p>&nbsp;<\/p>\n<p>&nbsp;<\/p>\n<hr \/>\n<h4 data-path-to-node=\"5,0\"><b data-path-to-node=\"5,0\" data-index-in-node=\"0\">Condiciones de Inscripci\u00f3n y Pago:<\/b><\/h4>\n<blockquote>\n<p data-path-to-node=\"5,0\">*Al formalizar esta inscripci\u00f3n, el usuario acepta el pago de la cuota de socio mediante <b data-path-to-node=\"5,0\" data-index-in-node=\"123\">recibo bancario al IBAN facilitado<\/b>. El primer cobro se realizar\u00e1 en el momento de la formalizaci\u00f3n y, posteriormente, de forma <b data-path-to-node=\"5,0\" data-index-in-node=\"250\">anual<\/b> mediante recibo bancario autom\u00e1tico.<\/p>\n<p data-path-to-node=\"5,1\">Para solicitar la <b data-path-to-node=\"5,1\" data-index-in-node=\"18\">baja de la asociaci\u00f3n<\/b> y el cese del pago de la cuota anual, deber\u00e1 enviar una petici\u00f3n por correo electr\u00f3nico a <b data-path-to-node=\"5,1\" data-index-in-node=\"130\">info@trombonistas.es<\/b><\/p>\n<\/blockquote>\n<h4 data-path-to-node=\"3\"><strong>Cl\u00e1usula de Protecci\u00f3n de Datos<\/strong><\/h4>\n<blockquote data-path-to-node=\"4\">\n<p data-path-to-node=\"9,0\"><b data-path-to-node=\"9,0\" data-index-in-node=\"0\">Informaci\u00f3n b\u00e1sica sobre Protecci\u00f3n de Datos:<\/b><\/p>\n<ul data-path-to-node=\"9,1\">\n<li>\n<p data-path-to-node=\"9,1,0,0\"><b data-path-to-node=\"9,1,0,0\" data-index-in-node=\"0\">Responsable:<\/b> Asociaci\u00f3n de Trombonistas Espa\u00f1oles (ATE).<\/p>\n<\/li>\n<li>\n<p data-path-to-node=\"9,1,1,0\"><b data-path-to-node=\"9,1,1,0\" data-index-in-node=\"0\">Finalidad:<\/b> Gestionar tu solicitud de alta como socio, <b data-path-to-node=\"9,1,1,0\" data-index-in-node=\"54\">tramitar el cobro de cuotas bancarias<\/b>, enviarte novedades y comunicaciones de la asociaci\u00f3n.<\/p>\n<\/li>\n<li>\n<p data-path-to-node=\"9,1,2,0\"><b data-path-to-node=\"9,1,2,0\" data-index-in-node=\"0\">Legitimaci\u00f3n:<\/b> Ejecuci\u00f3n de contrato de asociaci\u00f3n y consentimiento expreso.<\/p>\n<\/li>\n<li>\n<p data-path-to-node=\"9,1,3,0\"><b data-path-to-node=\"9,1,3,0\" data-index-in-node=\"0\">Destinatarios:<\/b> Entidades bancarias para la gesti\u00f3n de recibos y proveedores de servicios bajo contrato de confidencialidad. No se ceder\u00e1n a otros terceros salvo obligaci\u00f3n legal.<\/p>\n<\/li>\n<li>\n<p data-path-to-node=\"9,1,4,0\"><b data-path-to-node=\"9,1,4,0\" data-index-in-node=\"0\">Derechos:<\/b> Acceso, rectificaci\u00f3n, supresi\u00f3n y otros derechos en <b data-path-to-node=\"9,1,4,0\" data-index-in-node=\"63\">info@trombonistas.es<\/b><\/p>\n<\/li>\n<\/ul>\n<\/blockquote>\n<p>&nbsp;<\/p>\n<p>&nbsp;<\/p>\n<aside id=\"block-6\" class=\"widget widget_block\"><a href=\"https:\/\/trombonistas.net\/?page_id=3803\">Politica de privacidad<\/a><\/aside>\n<aside id=\"block-7\" class=\"widget widget_block\"><a href=\"https:\/\/trombonistas.net\/?page_id=4441\">Aviso Legal<\/a><\/aside>\n<p>&nbsp;<\/p>\n<p>&nbsp;<\/p>\n","protected":false},"excerpt":{"rendered":"<p>Formulario de Inscrici\u00f3n como socio de la Asociaci\u00f3n de Trombonistas de Espa\u00f1a &nbsp; Pronto disponible &nbsp; &nbsp; &nbsp; Condiciones de Inscripci\u00f3n y Pago: *Al formalizar esta inscripci\u00f3n, el usuario acepta el pago de la cuota de socio mediante recibo bancario al IBAN facilitado. El primer cobro se realizar\u00e1 en el momento de la formalizaci\u00f3n y, [&hellip;]<\/p>\n","protected":false},"author":1,"featured_media":0,"parent":0,"menu_order":0,"comment_status":"closed","ping_status":"closed","template":"","meta":{"footnotes":""},"class_list":["post-4405","page","type-page","status-publish","hentry"],"_links":{"self":[{"href":"https:\/\/trombonistas.net\/index.php?rest_route=\/wp\/v2\/pages\/4405","targetHints":{"allow":["GET"]}}],"collection":[{"href":"https:\/\/trombonistas.net\/index.php?rest_route=\/wp\/v2\/pages"}],"about":[{"href":"https:\/\/trombonistas.net\/index.php?rest_route=\/wp\/v2\/types\/page"}],"author":[{"embeddable":true,"href":"https:\/\/trombonistas.net\/index.php?rest_route=\/wp\/v2\/users\/1"}],"replies":[{"embeddable":true,"href":"https:\/\/trombonistas.net\/index.php?rest_route=%2Fwp%2Fv2%2Fcomments&post=4405"}],"version-history":[{"count":17,"href":"https:\/\/trombonistas.net\/index.php?rest_route=\/wp\/v2\/pages\/4405\/revisions"}],"predecessor-version":[{"id":4511,"href":"https:\/\/trombonistas.net\/index.php?rest_route=\/wp\/v2\/pages\/4405\/revisions\/4511"}],"wp:attachment":[{"href":"https:\/\/trombonistas.net\/index.php?rest_route=%2Fwp%2Fv2%2Fmedia&parent=4405"}],"curies":[{"name":"wp","href":"https:\/\/api.w.org\/{rel}","templated":true}]}}