{"id":4441,"date":"2026-02-21T17:16:27","date_gmt":"2026-02-21T17:16:27","guid":{"rendered":"https:\/\/trombonistas.net\/?page_id=4441"},"modified":"2026-02-26T15:50:30","modified_gmt":"2026-02-26T15:50:30","slug":"aviso-legal","status":"publish","type":"page","link":"https:\/\/trombonistas.net\/?page_id=4441","title":{"rendered":"Aviso Legal"},"content":{"rendered":"<p data-path-to-node=\"4,0\"><b data-path-to-node=\"4,0\" data-index-in-node=\"0\">AVISO LEGAL<\/b><\/p>\n<p data-path-to-node=\"4,1\"><b data-path-to-node=\"4,1\" data-index-in-node=\"0\">1. Datos Identificativos<\/b> En cumplimiento con el deber de informaci\u00f3n recogido en art\u00edculo 10 de la Ley 34\/2002, de 11 de julio, de Servicios de la Sociedad de la Informaci\u00f3n y del Comercio Electr\u00f3nico, a continuaci\u00f3n se reflejan los siguientes datos:<\/p>\n<ul data-path-to-node=\"4,2\">\n<li>\n<p data-path-to-node=\"4,2,0,0\"><b data-path-to-node=\"4,2,0,0\" data-index-in-node=\"0\">Titular:<\/b> Asociaci\u00f3n de Trombonistas Espa\u00f1oles (ATE).<\/p>\n<\/li>\n<li>\n<p data-path-to-node=\"4,2,1,0\"><b data-path-to-node=\"4,2,1,0\" data-index-in-node=\"0\">NIF\/CIF:<\/b> 98522600<\/p>\n<\/li>\n<li>\n<p data-path-to-node=\"4,2,2,0\"><b data-path-to-node=\"4,2,2,0\" data-index-in-node=\"0\">Domicilio:<\/b><\/p>\n<\/li>\n<li>\n<p data-path-to-node=\"4,2,3,0\"><b data-path-to-node=\"4,2,3,0\" data-index-in-node=\"0\">Correo electr\u00f3nico:<\/b> info@trombonistas.es<\/p>\n<\/li>\n<\/ul>\n<p data-path-to-node=\"4,3\"><b data-path-to-node=\"4,3\" data-index-in-node=\"0\">2. Usuarios<\/b> El acceso y\/o uso de este portal de la Asociaci\u00f3n de Trombonistas Espa\u00f1oles atribuye la condici\u00f3n de USUARIO, que acepta, desde dicho acceso y\/o uso, las Condiciones Generales de Uso aqu\u00ed reflejadas.<\/p>\n<p data-path-to-node=\"4,4\"><b data-path-to-node=\"4,4\" data-index-in-node=\"0\">3. Uso del Portal<\/b> trombonistas.net proporciona el acceso a multitud de informaciones, servicios o datos en Internet pertenecientes a la Asociaci\u00f3n o a sus licenciantes a los que el USUARIO pueda tener acceso. El USUARIO asume la responsabilidad del uso del portal.<\/p>\n","protected":false},"excerpt":{"rendered":"<p>AVISO LEGAL 1. Datos Identificativos En cumplimiento con el deber de informaci\u00f3n recogido en art\u00edculo 10 de la Ley 34\/2002, de 11 de julio, de Servicios de la Sociedad de la Informaci\u00f3n y del Comercio Electr\u00f3nico, a continuaci\u00f3n se reflejan los siguientes datos: Titular: Asociaci\u00f3n de Trombonistas Espa\u00f1oles (ATE). NIF\/CIF: 98522600 Domicilio: Correo electr\u00f3nico: info@trombonistas.es [&hellip;]<\/p>\n","protected":false},"author":1,"featured_media":0,"parent":0,"menu_order":0,"comment_status":"closed","ping_status":"closed","template":"","meta":{"footnotes":""},"class_list":["post-4441","page","type-page","status-publish","hentry"],"_links":{"self":[{"href":"https:\/\/trombonistas.net\/index.php?rest_route=\/wp\/v2\/pages\/4441","targetHints":{"allow":["GET"]}}],"collection":[{"href":"https:\/\/trombonistas.net\/index.php?rest_route=\/wp\/v2\/pages"}],"about":[{"href":"https:\/\/trombonistas.net\/index.php?rest_route=\/wp\/v2\/types\/page"}],"author":[{"embeddable":true,"href":"https:\/\/trombonistas.net\/index.php?rest_route=\/wp\/v2\/users\/1"}],"replies":[{"embeddable":true,"href":"https:\/\/trombonistas.net\/index.php?rest_route=%2Fwp%2Fv2%2Fcomments&post=4441"}],"version-history":[{"count":3,"href":"https:\/\/trombonistas.net\/index.php?rest_route=\/wp\/v2\/pages\/4441\/revisions"}],"predecessor-version":[{"id":4495,"href":"https:\/\/trombonistas.net\/index.php?rest_route=\/wp\/v2\/pages\/4441\/revisions\/4495"}],"wp:attachment":[{"href":"https:\/\/trombonistas.net\/index.php?rest_route=%2Fwp%2Fv2%2Fmedia&parent=4441"}],"curies":[{"name":"wp","href":"https:\/\/api.w.org\/{rel}","templated":true}]}}