{"id":4443,"date":"2026-02-21T17:18:34","date_gmt":"2026-02-21T17:18:34","guid":{"rendered":"https:\/\/trombonistas.net\/?page_id=4443"},"modified":"2026-02-21T17:18:34","modified_gmt":"2026-02-21T17:18:34","slug":"politica-de-cookies","status":"publish","type":"page","link":"https:\/\/trombonistas.net\/?page_id=4443","title":{"rendered":"Pol\u00edtica de cookies"},"content":{"rendered":"<p data-path-to-node=\"12,0\"><b data-path-to-node=\"12,0\" data-index-in-node=\"0\">POL\u00cdTICA DE COOKIES<\/b><\/p>\n<p data-path-to-node=\"12,1\">Una cookie es un peque\u00f1o fichero que se descarga en tu ordenador al acceder a determinadas webs.<\/p>\n<ul data-path-to-node=\"12,2\">\n<li>\n<p data-path-to-node=\"12,2,0,0\"><b data-path-to-node=\"12,2,0,0\" data-index-in-node=\"0\">Cookies t\u00e9cnicas:<\/b> Necesarias para que el slider de noticias y el men\u00fa funcionen correctamente.<\/p>\n<\/li>\n<li>\n<p data-path-to-node=\"12,2,1,0\"><b data-path-to-node=\"12,2,1,0\" data-index-in-node=\"0\">Cookies de an\u00e1lisis:<\/b> Nos ayudan a saber qu\u00e9 noticias de tromb\u00f3n interesan m\u00e1s a nuestros lectores.<\/p>\n<\/li>\n<li>\n<p data-path-to-node=\"12,2,2,0\"><b data-path-to-node=\"12,2,2,0\" data-index-in-node=\"0\">Desactivaci\u00f3n:<\/b> Puedes bloquear o eliminar las cookies instaladas en tu equipo mediante la configuraci\u00f3n de las opciones del navegador que utilices.<\/p>\n<\/li>\n<\/ul>\n","protected":false},"excerpt":{"rendered":"<p>POL\u00cdTICA DE COOKIES Una cookie es un peque\u00f1o fichero que se descarga en tu ordenador al acceder a determinadas webs. Cookies t\u00e9cnicas: Necesarias para que el slider de noticias y el men\u00fa funcionen correctamente. Cookies de an\u00e1lisis: Nos ayudan a saber qu\u00e9 noticias de tromb\u00f3n interesan m\u00e1s a nuestros lectores. Desactivaci\u00f3n: Puedes bloquear o eliminar [&hellip;]<\/p>\n","protected":false},"author":1,"featured_media":0,"parent":0,"menu_order":0,"comment_status":"closed","ping_status":"closed","template":"","meta":{"footnotes":""},"class_list":["post-4443","page","type-page","status-publish","hentry"],"_links":{"self":[{"href":"https:\/\/trombonistas.net\/index.php?rest_route=\/wp\/v2\/pages\/4443","targetHints":{"allow":["GET"]}}],"collection":[{"href":"https:\/\/trombonistas.net\/index.php?rest_route=\/wp\/v2\/pages"}],"about":[{"href":"https:\/\/trombonistas.net\/index.php?rest_route=\/wp\/v2\/types\/page"}],"author":[{"embeddable":true,"href":"https:\/\/trombonistas.net\/index.php?rest_route=\/wp\/v2\/users\/1"}],"replies":[{"embeddable":true,"href":"https:\/\/trombonistas.net\/index.php?rest_route=%2Fwp%2Fv2%2Fcomments&post=4443"}],"version-history":[{"count":1,"href":"https:\/\/trombonistas.net\/index.php?rest_route=\/wp\/v2\/pages\/4443\/revisions"}],"predecessor-version":[{"id":4444,"href":"https:\/\/trombonistas.net\/index.php?rest_route=\/wp\/v2\/pages\/4443\/revisions\/4444"}],"wp:attachment":[{"href":"https:\/\/trombonistas.net\/index.php?rest_route=%2Fwp%2Fv2%2Fmedia&parent=4443"}],"curies":[{"name":"wp","href":"https:\/\/api.w.org\/{rel}","templated":true}]}}